{"id":2,"date":"2026-01-03T16:57:43","date_gmt":"2026-01-03T16:57:43","guid":{"rendered":"http:\/\/lacanquotidien.org\/?page_id=2"},"modified":"2026-01-13T20:49:38","modified_gmt":"2026-01-13T19:49:38","slug":"sample-page","status":"publish","type":"page","link":"https:\/\/lacanquotidien.org\/index.php\/sample-page\/","title":{"rendered":"La R\u00e9daction"},"content":{"rendered":"<section id=\"sp-o3qvhe\" data-mobile-visibility=\"#sp-o3qvhe|false\" data-tablet-visibility=\"#sp-o3qvhe|false\" data-desktop-visibility=\"#sp-o3qvhe|false\" data-mobile-css=\"\" data-tablet-css=\"\" class=\"sp-el-section\" style=\"width: 100%; max-width: 100%;\">\n<div id=\"sp-m45sxk\" data-mobile-visibility=\"#sp-m45sxk|false\" data-tablet-visibility=\"#sp-m45sxk|false\" data-desktop-visibility=\"#sp-m45sxk|false\" data-mobile-css=\"\" data-tablet-css=\"\" class=\"sp-el-row sp-w-full  sp-m-auto sm:sp-flex sp-justify-between\">\n<div id=\"sp-drhzih\" data-mobile-visibility=\"#sp-drhzih|false\" data-tablet-visibility=\"#sp-drhzih|false\" data-desktop-visibility=\"#sp-drhzih|false\" data-mobile-css=\"\" data-tablet-css=\"\" class=\"sp-el-col  sp-w-full\" style=\"width: calc(100% - 0px);\">\n<div id=\"sp-i6parr\" data-mobile-visibility=\".sp-feature-wrapper-block-i6parr|false\" data-tablet-visibility=\".sp-feature-wrapper-block-i6parr|false\" data-desktop-visibility=\".sp-feature-wrapper-block-i6parr|false\" data-mobile-css=\"\" data-tablet-css=\"\" class=\"sm:sp-flex sp-feature-wrapper sp-el-block sp-items-start sp-feature-wrapper-block-i6parr\" style=\"margin: 0px; text-align: left;\"><img decoding=\"async\" src=\"https:\/\/lacanquotidien.org\/wp-content\/uploads\/2026\/01\/david-detoure.png\" alt=\"\" srcset=\" https:\/\/lacanquotidien.org\/wp-content\/uploads\/2026\/01\/david-detoure-150x150.png 150w, https:\/\/lacanquotidien.org\/wp-content\/uploads\/2026\/01\/david-detoure-195x300.png 195w, https:\/\/lacanquotidien.org\/wp-content\/uploads\/2026\/01\/david-detoure.png 299w\" class=\"sp-mr-6\" style=\"width: 120px;\"><\/p>\n<div class=\"\">\n<h2 data-mobile-css=\"\" data-tablet-css=\"\" class=\"sp-css-target sp-mb-4 sp-css-header sp-feature-header-i6parr\" style=\"font-weight: 700; font-style: normal; font-family: Georgia, serif;\"><span style=\"color: #000080;\">Lacan Quotidien<\/span> <br \/><span style=\"color: #ff6600;\">La R\u00e9daction<\/span><\/h2>\n<div id=\"sp-ieditor-i6parr\" data-mobile-css=\"\" data-tablet-css=\"\" class=\"sp-css-target sp-css-description sp-feature-text-i6parr\">\n<p><em>Directrice<\/em> : Laura Sokolowsky, pr\u00e9sidente de l\u2019ECF<br \/><em>Coordinatrice<\/em> : Ang\u00e8le Terrier, vice-pr\u00e9sidente de l\u2019ECF<br \/><em>R\u00e9dactrice en chef<\/em>&nbsp;: \u00c8ve Miller-Rose<\/p>\n<p><em>Cr\u00e9ations<\/em> : Luc Garcia<br \/><em>Maquette<\/em> : Anne Colombel-Plouzennec,<\/p>\n<p>avec Anne-Elisabeth Labenne, Alexandre Gouthi\u00e8re, Dora Zaouch<br \/><em>Diffusion via ECF-messager<\/em>&nbsp;: Christine Maugin<br \/><em>Comit\u00e9 d\u2019\u00e9dition<\/em>&nbsp;: Romain Aub\u00e9 et Antoine Chauvin, <br \/>avec Anne Brunet, Christine Dabin, S\u00e9bastien Disdet, Marie-Claude Lacroix,<\/p>\n<p>Marjolaine Moll\u00e9, Anne Semaille, Anne Weinstein.<\/p>\n<p><em>Site<\/em>&nbsp;: Marc Framboizel<\/p>\n<p>&nbsp;<\/p>\n<p><strong>Propositions de textes<\/strong><\/p>\n<p>format Word, caract\u00e8re georgia, taille 12&nbsp;; interligne 1 ; justifi\u00e9<\/p>\n<p>3500 signes y compris espaces et notes<\/p>\n<p>objet du mail et nom du fichier : LQ + NOM Pr\u00e9nom<\/p>\n<p>\u00e0 adresser \u00e0 : <a href=\"mailto:postmaster@lacanquotidien.org, postmaster2@lacanquotidien.org?subject=Contact LQ\">r\u00e9daction<\/a>&nbsp;<\/p>\n<p><strong>Contact<\/strong><br \/>Pour contacter la R\u00e9daction de <em>Lacan Quotidien<\/em>&nbsp;: <a href=\"mailto:postmaster@lacanquotidien.org, postmaster2@lacanquotidien.org?subject=Contact LQ\">r\u00e9daction<\/a>&nbsp;<br \/>Pour une question technique sur le site web lacanquotidien.org&nbsp;: <a href=\"mailto:postmaster@lacanquotidien.org\">technique<\/a><br \/>Pour les informations sur l\u2019ECF&nbsp;: <a href=\"https:\/\/www.causefreudienne.org\/\">www.causefreudienne.org<\/a><\/p>\n<p>&nbsp;<\/p>\n<\/div>\n<\/div>\n<\/div>\n<div id=\"b60boq\" data-mobile-css=\".sp-text-wrapper-b60boq, #sp-b60boq, #b60boq|text-align:left;\" data-tablet-css=\".sp-text-wrapper-b60boq, #sp-b60boq, #b60boq|text-align:left;\" data-mobile-visibility=\".sp-text-wrapper-b60boq|false\" data-tablet-visibility=\".sp-text-wrapper-b60boq|false\" data-desktop-visibility=\".sp-text-wrapper-b60boq|false\" class=\"sp-css-target sp-text-wrapper sp-el-block sp-text-block-style sp-text-wrapper-b60boq mce-content-body html4-captions\" style=\"font-size: 13px; font-family: Georgia, serif; margin: 0px; text-align: left; position: relative;\"  >\n<p>\u00a9 Ecole de la Cause freudienne 2026. Textes et images : Tous droits r\u00e9serv\u00e9s.&nbsp; &nbsp; &nbsp; &nbsp; &nbsp; &nbsp; &nbsp; &nbsp; &nbsp; &nbsp; &nbsp; &nbsp; &nbsp; &nbsp; <br \/>H\u00e9bergement OVH, 2 rue Kellermann \u2013 59100 Roubaix \u2013 France.<\/p>\n<\/div>\n<\/div>\n<\/div>\n<\/section>\n","protected":false},"excerpt":{"rendered":"<p>Lacan Quotidien La R\u00e9daction Directrice : Laura Sokolowsky, pr\u00e9sidente de l\u2019ECFCoordinatrice : Ang\u00e8le Terrier, vice-pr\u00e9sidente de l\u2019ECFR\u00e9dactrice en chef&nbsp;: \u00c8ve Miller-Rose Cr\u00e9ations : Luc GarciaMaquette : Anne Colombel-Plouzennec, avec Anne-Elisabeth Labenne, Alexandre Gouthi\u00e8re, Dora ZaouchDiffusion via ECF-messager&nbsp;: Christine MauginComit\u00e9 d\u2019\u00e9dition&nbsp;: Romain Aub\u00e9 et Antoine Chauvin, avec Anne Brunet, Christine Dabin, S\u00e9bastien Disdet, Marie-Claude Lacroix, Marjolaine [&hellip;]<\/p>\n","protected":false},"author":3,"featured_media":0,"parent":0,"menu_order":0,"comment_status":"closed","ping_status":"open","template":"","meta":{"iawp_total_views":164,"footnotes":""},"class_list":["post-2","page","type-page","status-publish","hentry"],"_links":{"self":[{"href":"https:\/\/lacanquotidien.org\/index.php\/wp-json\/wp\/v2\/pages\/2","targetHints":{"allow":["GET"]}}],"collection":[{"href":"https:\/\/lacanquotidien.org\/index.php\/wp-json\/wp\/v2\/pages"}],"about":[{"href":"https:\/\/lacanquotidien.org\/index.php\/wp-json\/wp\/v2\/types\/page"}],"author":[{"embeddable":true,"href":"https:\/\/lacanquotidien.org\/index.php\/wp-json\/wp\/v2\/users\/3"}],"replies":[{"embeddable":true,"href":"https:\/\/lacanquotidien.org\/index.php\/wp-json\/wp\/v2\/comments?post=2"}],"version-history":[{"count":36,"href":"https:\/\/lacanquotidien.org\/index.php\/wp-json\/wp\/v2\/pages\/2\/revisions"}],"predecessor-version":[{"id":645,"href":"https:\/\/lacanquotidien.org\/index.php\/wp-json\/wp\/v2\/pages\/2\/revisions\/645"}],"wp:attachment":[{"href":"https:\/\/lacanquotidien.org\/index.php\/wp-json\/wp\/v2\/media?parent=2"}],"curies":[{"name":"wp","href":"https:\/\/api.w.org\/{rel}","templated":true}]}}